{"id":25096935,"date":"2023-12-01T11:26:01","date_gmt":"2023-12-01T11:26:01","guid":{"rendered":"https:\/\/trescar.sviluppokeyweb.com\/logistica-integrata\/"},"modified":"2026-04-23T10:53:20","modified_gmt":"2026-04-23T10:53:20","slug":"integrated-logistics","status":"publish","type":"page","link":"https:\/\/staging.trascar.it\/en\/integrated-logistics\/","title":{"rendered":"Integrated Logistics"},"content":{"rendered":"<p><div class=\"et_d4_element et_pb_section et_pb_section_1 et_pb_with_background  et_pb_css_mix_blend_mode et_section_regular et_block_section\" >\n\t\t\t\t\n\t\t\t\t\n\t\t\t\t\n\t\t\t\t\n\t\t\t\t\n\t\t\t\t\n\t\t\t\t<div class=\"et_d4_element et_pb_row et_pb_row_0  et_pb_css_mix_blend_mode et_block_row\">\n\t\t\t\t<div class=\"et_d4_element et_pb_column_4_4 et_pb_column et_pb_column_0  et_pb_css_mix_blend_mode et-last-child et_block_column\">\n\t\t\t\t\n\t\t\t\t\n\t\t\t\t\n\t\t\t\t\n\t\t\t\t<div class=\"et_pb_module et_d4_element et_pb_text et_pb_text_0  et_pb_text_align_center et_pb_bg_layout_light\">\n\t\t\t\t\n\t\t\t\t\n\t\t\t\t\n\t\t\t\t\n\t\t\t\t\n\t\t\t<\/div>\n\t\t\t<\/div>\n\t\t\t\t\n\t\t\t\t\n\t\t\t\t\n\t\t\t\t\n\t\t\t<\/div>\n\t\t\t\t\n\t\t\t\t\n\t\t\t<\/div><div class=\"et_d4_element et_pb_section et_pb_section_3  et_pb_css_mix_blend_mode et_section_regular et_block_section\" >\n\t\t\t\t\n\t\t\t\t\n\t\t\t\t\n\t\t\t\t\n\t\t\t\t\n\t\t\t\t\n\t\t\t\t\n\t\t\t\t\n\t\t\t\t\n\t\t\t<\/div><div class=\"et_d4_element et_pb_section et_pb_section_4  et_pb_css_mix_blend_mode et_section_regular et_block_section\" >\n\t\t\t\t\n\t\t\t\t\n\t\t\t\t\n\t\t\t\t\n\t\t\t\t\n\t\t\t\t\n\t\t\t\t<div class=\"et_d4_element et_pb_row et_pb_row_1  et_pb_css_mix_blend_mode et_block_row\">\n\t\t\t\t<div class=\"et_d4_element et_pb_column_4_4 et_pb_column et_pb_column_1  et_pb_css_mix_blend_mode et-last-child et_block_column\">\n\t\t\t\t\n\t\t\t\t\n\t\t\t\t\n\t\t\t\t\n\t\t\t\t<div class=\"et_pb_module et_d4_element et_pb_text et_pb_text_1  et_pb_text_align_left et_pb_bg_layout_light\">\n\t\t\t\t\n\t\t\t\t\n\t\t\t\t\n\t\t\t\t\n\t\t\t\t<div class=\"et_pb_text_inner\"><h1 style=\"text-align: center\">Automazione logistica standard e adattabile<\/h1><\/div>\n\t\t\t<\/div>\n\t\t\t<\/div>\n\t\t\t\t\n\t\t\t\t\n\t\t\t\t\n\t\t\t\t\n\t\t\t<\/div><div class=\"et_d4_element et_pb_row et_pb_row_2  et_pb_css_mix_blend_mode et_block_row\">\n\t\t\t\t<div class=\"et_d4_element et_pb_column_1_2 et_pb_column et_pb_column_2  et_pb_css_mix_blend_mode et_block_column\">\n\t\t\t\t\n\t\t\t\t\n\t\t\t\t\n\t\t\t\t\n\t\t\t\t<div class=\"et_pb_module et_d4_element et_pb_text et_pb_text_2  et_pb_text_align_left et_pb_bg_layout_light\">\n\t\t\t\t\n\t\t\t\t\n\t\t\t\t\n\t\t\t\t\n\t\t\t\t<div class=\"et_pb_text_inner\"><p class=\"\" data-start=\"291\" data-end=\"607\">Con oltre 50 anni di esperienza, Trascar progetta e realizza <strong data-start=\"1611\" data-end=\"1656\">soluzioni standard di logistica integrata<\/strong>, concepite per adattarsi a layout e processi esistenti. I nostri sistemi coprono movimentazione, magazzini automatici, AGV\/AMR, picking e gestione WMS, garantendo modularit\u00e0, scalabilit\u00e0 e continuit\u00e0 operativa nei settori food, automotive, e\u2011commerce, tessile e GDO.<\/p>\n<p class=\"\" data-start=\"879\" data-end=\"1014\">Ogni progetto \u00e8 pensato per crescere con il tuo business. Con <strong data-start=\"941\" data-end=\"978\">WonderBOT, WonderPick e WonderWay<\/strong>, la logistica diventa intelligente.<\/p>\n<p data-start=\"879\" data-end=\"1014\"><strong>Trascar: Soluzioni di logistica integrata per un flusso efficiente, continuo e automatizzato<\/strong><\/p><\/div>\n\t\t\t<\/div><div class=\"et_pb_module et_d4_element dipi_button_grid dipi_button_grid_0\">\n\t\t\t\t\n\t\t\t\t\n\t\t\t\t\n\t\t\t\t\n\t\t\t\t\n\t\t\t\t\n\t\t\t\t<div class=\"et_pb_module_inner\">\n\t\t\t\t\t<div class=\"dipi-button-grid-container\">\n                <div class=\"et_pb_module et_d4_element dipi_button_grid_child dipi_button_grid_child_0\">\n\t\t\t\t\n\t\t\t\t\n\t\t\t\t\n\t\t\t\t\n\t\t\t\t\n\t\t\t\t\n\t\t\t\t<div class=\"et_pb_module_inner\">\n\t\t\t\t\t<a class=\"et_pb_button dipi-button-grid dipi-button-wrap\" href=\"https:\/\/staging.trascar.it\/en\/contacts\/\">CONTACT US<\/a>\n\t\t\t\t<\/div>\n\t\t\t<\/div>\n            <\/div>\n\t\t\t\t<\/div>\n\t\t\t<\/div>\n\t\t\t<\/div><div class=\"et_d4_element et_pb_column_1_2 et_pb_column et_pb_column_3  et_pb_css_mix_blend_mode et-last-child et_block_column\">\n\t\t\t\t\n\t\t\t\t\n\t\t\t\t\n\t\t\t\t\n\t\t\t\t<div class=\"et_pb_module et_d4_element et_pb_image et_pb_image_0\">\n\t\t\t\t\n\t\t\t\t\n\t\t\t\t\n\t\t\t\t\n\t\t\t\t<span class=\"et_pb_image_wrap \"><img loading=\"lazy\" decoding=\"async\" width=\"2000\" height=\"1333\" src=\"https:\/\/www.trascar.it\/wp-content\/uploads\/2026\/04\/Ingegneria-di-vendita.jpg\" alt=\"Wonderpick Perfect Goods to person\" title=\"Ingegneria di vendita\" srcset=\"https:\/\/staging.trascar.it\/wp-content\/uploads\/2026\/04\/Ingegneria-di-vendita.jpg 2000w, https:\/\/staging.trascar.it\/wp-content\/uploads\/2026\/04\/Ingegneria-di-vendita-1280x853.jpg 1280w, https:\/\/staging.trascar.it\/wp-content\/uploads\/2026\/04\/Ingegneria-di-vendita-980x653.jpg 980w, https:\/\/staging.trascar.it\/wp-content\/uploads\/2026\/04\/Ingegneria-di-vendita-480x320.jpg 480w\" sizes=\"(min-width: 0px) and (max-width: 480px) 480px, (min-width: 481px) and (max-width: 980px) 980px, (min-width: 981px) and (max-width: 1280px) 1280px, (min-width: 1281px) 2000px, 100vw\" class=\"wp-image-25109134\" \/><\/span>\n\t\t\t<\/div>\n\t\t\t<\/div>\n\t\t\t\t\n\t\t\t\t\n\t\t\t\t\n\t\t\t\t\n\t\t\t<\/div>\n\t\t\t\t\n\t\t\t\t\n\t\t\t<\/div><div class=\"et_d4_element et_pb_section et_pb_section_5 et_pb_with_background  et_pb_css_mix_blend_mode et_section_regular et_block_section\" >\n\t\t\t\t\n\t\t\t\t\n\t\t\t\t\n\t\t\t\t\n\t\t\t\t\n\t\t\t\t\n\t\t\t\t<div class=\"et_d4_element et_pb_row et_pb_row_3  et_pb_css_mix_blend_mode et_block_row\">\n\t\t\t\t<div class=\"et_d4_element et_pb_column_1_2 et_pb_column et_pb_column_4  et_pb_css_mix_blend_mode et_block_column\">\n\t\t\t\t\n\t\t\t\t\n\t\t\t\t\n\t\t\t\t\n\t\t\t\t<div class=\"et_pb_module et_d4_element et_pb_image et_pb_image_1\">\n\t\t\t\t\n\t\t\t\t\n\t\t\t\t\n\t\t\t\t\n\t\t\t\t<span class=\"et_pb_image_wrap \"><img loading=\"lazy\" decoding=\"async\" width=\"1500\" height=\"1000\" src=\"https:\/\/www.trascar.it\/wp-content\/uploads\/2025\/04\/PENGO_RIORDINATORE.jpg\" alt=\"WonderBOX stoccaggio sorter pick Trascar\" title=\"PENGO_RIORDINATORE\" srcset=\"https:\/\/staging.trascar.it\/wp-content\/uploads\/2025\/04\/PENGO_RIORDINATORE.jpg 1500w, https:\/\/staging.trascar.it\/wp-content\/uploads\/2025\/04\/PENGO_RIORDINATORE-1280x853.jpg 1280w, https:\/\/staging.trascar.it\/wp-content\/uploads\/2025\/04\/PENGO_RIORDINATORE-980x653.jpg 980w, https:\/\/staging.trascar.it\/wp-content\/uploads\/2025\/04\/PENGO_RIORDINATORE-480x320.jpg 480w\" sizes=\"(min-width: 0px) and (max-width: 480px) 480px, (min-width: 481px) and (max-width: 980px) 980px, (min-width: 981px) and (max-width: 1280px) 1280px, (min-width: 1281px) 1500px, 100vw\" class=\"wp-image-25099560\" \/><\/span>\n\t\t\t<\/div>\n\t\t\t<\/div><div class=\"et_d4_element et_pb_column_1_2 et_pb_column et_pb_column_5  et_pb_css_mix_blend_mode et-last-child et_block_column\">\n\t\t\t\t\n\t\t\t\t\n\t\t\t\t\n\t\t\t\t\n\t\t\t\t<div class=\"et_pb_module et_d4_element et_pb_text et_pb_text_3  et_pb_text_align_left et_pb_bg_layout_light\">\n\t\t\t\t\n\t\t\t\t\n\t\t\t\t\n\t\t\t\t\n\t\t\t\t<div class=\"et_pb_text_inner\"><p>Con l\u2019evoluzione dei paradigmi produttivi legati all\u2019Industria 4.0 e 5.0, Trascar ha investito nella progettazione di s<strong>oluzioni standard di automazione logistica<\/strong>, intelligenti, scalabili ed efficienti. I nostri sistemi si integrano perfettamente nei moderni ambienti di fabbrica e <strong>magazzino<\/strong>, anticipando le sfide operative e ambientali della <strong>logistica<\/strong> del futuro.<\/p>\n<p>&nbsp;<\/p>\n<h2><strong>Perch\u00e9 scegliere Trascar?<\/strong><\/h2>\n<ul>\n<li>Oltre <strong>50 anni di esperienza<\/strong> nell\u2019automazione logistica industriale<\/li>\n<li>Impianti completamente progettati e <strong>realizzati internamente<\/strong><\/li>\n<li><strong>Soluzioni standard modulari, adattabili<\/strong> a diverse esigenze impiantistiche<\/li>\n<li>Presenza internazionale con referenze nei principali settori produttivi<\/li>\n<li>Certificazioni ISO e attenzione continua a <strong>sostenibilit\u00e0 e sicurezza<\/strong><\/li>\n<\/ul><\/div>\n\t\t\t<\/div>\n\t\t\t<\/div>\n\t\t\t\t\n\t\t\t\t\n\t\t\t\t\n\t\t\t\t\n\t\t\t<\/div>\n\t\t\t\t\n\t\t\t\t\n\t\t\t<\/div><div class=\"et_d4_element et_pb_section et_pb_section_6 et_pb_with_background  et_pb_css_mix_blend_mode et_section_regular et_block_section\" >\n\t\t\t\t\n\t\t\t\t\n\t\t\t\t\n\t\t\t\t\n\t\t\t\t\n\t\t\t\t\n\t\t\t\t<div class=\"et_d4_element et_pb_row et_pb_row_4  et_pb_css_mix_blend_mode et_block_row\">\n\t\t\t\t<div class=\"et_d4_element et_pb_column_1_2 et_pb_column et_pb_column_6  et_pb_css_mix_blend_mode et_block_column\">\n\t\t\t\t\n\t\t\t\t\n\t\t\t\t\n\t\t\t\t\n\t\t\t\t<div class=\"et_pb_module et_d4_element et_pb_text et_pb_text_4  et_pb_text_align_left et_pb_bg_layout_light\">\n\t\t\t\t\n\t\t\t\t\n\t\t\t\t\n\t\t\t\t\n\t\t\t\t<div class=\"et_pb_text_inner\"><h3 class=\"\" data-start=\"527\" data-end=\"592\"><strong data-start=\"534\" data-end=\"590\">Logistica automatizzata per ogni settore industriale<\/strong><\/h3>\n<p class=\"\" data-start=\"593\" data-end=\"865\">Dall\u2019automotive al food &amp; beverage, dal tessile alla grande distribuzione: i sistemi Trascar rispondono alle esigenze specifiche di ogni settore. L\u2019esperienza maturata in contesti complessi ci consente di progettare soluzioni robuste, personalizzate e ad alte prestazioni.<\/p>\n<p data-start=\"593\" data-end=\"865\">Il nostro <strong data-start=\"1278\" data-end=\"1308\">WMS WonderWay<\/strong> centralizza la gestione di tutte le attivit\u00e0 logistiche: dallo stoccaggio alla spedizione. Interfacciabile con i principali ERP, consente di ottimizzare gli spazi, monitorare i flussi in tempo reale e aumentare la reattivit\u00e0 in ogni fase operativa.<\/p>\n<p data-start=\"593\" data-end=\"865\">Le soluzioni <strong data-start=\"276\" data-end=\"290\">WonderPick<\/strong> di Trascar portano l\u2019automazione nei magazzini del settore <strong data-start=\"350\" data-end=\"396\">fashion, luxury ed e-commerce<\/strong>, garantendo un prelievo rapido, preciso e personalizzato. Il sistema <strong data-start=\"466\" data-end=\"485\">Goods-to-Person<\/strong> riduce i tempi di picking, minimizza gli errori e aumenta la produttivit\u00e0 anche nei momenti di picco. Grazie a tecnologie modulari e intelligenti, WonderPick si adatta perfettamente alla gestione di SKU ad alta rotazione, ordini frammentati e resi frequenti, offrendo una <strong data-start=\"758\" data-end=\"793\">customer experience impeccabile<\/strong> e un flusso logistico completamente ottimizzato.<\/p><\/div>\n\t\t\t<\/div><div class=\"et_pb_module et_d4_element dipi_button_grid dipi_button_grid_1\">\n\t\t\t\t\n\t\t\t\t\n\t\t\t\t\n\t\t\t\t\n\t\t\t\t\n\t\t\t\t\n\t\t\t\t<div class=\"et_pb_module_inner\">\n\t\t\t\t\t<div class=\"dipi-button-grid-container\">\n                <div class=\"et_pb_module et_d4_element dipi_button_grid_child dipi_button_grid_child_1\">\n\t\t\t\t\n\t\t\t\t\n\t\t\t\t\n\t\t\t\t\n\t\t\t\t\n\t\t\t\t\n\t\t\t\t<div class=\"et_pb_module_inner\">\n\t\t\t\t\t<a class=\"et_pb_button dipi-button-grid dipi-button-wrap\" href=\"https:\/\/staging.trascar.it\/en\/contacts\/\">CONTACT US<\/a>\n\t\t\t\t<\/div>\n\t\t\t<\/div>\n            <\/div>\n\t\t\t\t<\/div>\n\t\t\t<\/div>\n\t\t\t<\/div><div class=\"et_d4_element et_pb_column_1_2 et_pb_column et_pb_column_7  et_pb_css_mix_blend_mode et-last-child et_block_column\">\n\t\t\t\t\n\t\t\t\t\n\t\t\t\t\n\t\t\t\t\n\t\t\t\t<div class=\"et_pb_module et_d4_element et_pb_image et_pb_image_2\">\n\t\t\t\t\n\t\t\t\t\n\t\t\t\t\n\t\t\t\t\n\t\t\t\t<span class=\"et_pb_image_wrap \"><img loading=\"lazy\" decoding=\"async\" width=\"743\" height=\"430\" src=\"https:\/\/www.trascar.it\/wp-content\/uploads\/2026\/03\/Screenshot-2026-03-09-160752-1.png\" alt=\"Wonderbox Riordinatore Pengo Magazzini automatici\" title=\"Screenshot 2026-03-09 160752\" srcset=\"https:\/\/staging.trascar.it\/wp-content\/uploads\/2026\/03\/Screenshot-2026-03-09-160752-1.png 743w, https:\/\/staging.trascar.it\/wp-content\/uploads\/2026\/03\/Screenshot-2026-03-09-160752-1-480x278.png 480w\" sizes=\"(min-width: 0px) and (max-width: 480px) 480px, (min-width: 481px) 743px, 100vw\" class=\"wp-image-25108965\" \/><\/span>\n\t\t\t<\/div>\n\t\t\t<\/div>\n\t\t\t\t\n\t\t\t\t\n\t\t\t\t\n\t\t\t\t\n\t\t\t<\/div>\n\t\t\t\t\n\t\t\t\t\n\t\t\t<\/div><div class=\"et_d4_element et_pb_section et_pb_section_7  et_pb_css_mix_blend_mode et_section_regular et_block_section\" >\n\t\t\t\t\n\t\t\t\t\n\t\t\t\t\n\t\t\t\t\n\t\t\t\t\n\t\t\t\t\n\t\t\t\t<div class=\"et_d4_element et_pb_row et_pb_row_5  et_pb_css_mix_blend_mode et_block_row\">\n\t\t\t\t<div class=\"et_d4_element et_pb_column_4_4 et_pb_column et_pb_column_8  et_pb_css_mix_blend_mode et-last-child et_block_column\">\n\t\t\t\t\n\t\t\t\t\n\t\t\t\t\n\t\t\t\t\n\t\t\t\t<div class=\"et_pb_module et_d4_element et_pb_text et_pb_text_5  et_pb_text_align_left et_pb_bg_layout_light\">\n\t\t\t\t\n\t\t\t\t\n\t\t\t\t\n\t\t\t\t\n\t\t\t\t<div class=\"et_pb_text_inner\"><h3 style=\"text-align: center\"><strong>Gli ultimi articoli<\/strong><\/h3><\/div>\n\t\t\t<\/div><div class=\"et_pb_module et_d4_element et_pb_blog_0  et_pb_css_mix_blend_mode et_pb_blog_grid_wrapper et_pb_bg_layout_light\">\n\t\t\t\t\t<div class=\"et_pb_blog_grid clearfix \">\n\t\t\t\t\t\n\t\t\t\t\t\n\t\t\t\t\t\n\t\t\t\t\t\n\t\t\t\t\t<div class=\"et_pb_ajax_pagination_container\">\n\t\t\t\t\t\t<div class=\"entry\">\n\t<h2 class=\"not-found-title\">No Results Found<\/h2>\n\t<p>The page you requested could not be found. Try refining your search, or use the navigation above to locate the post.<\/p>\n<\/div>\n\n\t\t\t\t\t<\/div>\n\t\t\t\t\t<\/div> \n\t\t\t\t<\/div>\n\t\t\t<\/div>\n\t\t\t\t\n\t\t\t\t\n\t\t\t\t\n\t\t\t\t\n\t\t\t<\/div>\n\t\t\t\t\n\t\t\t\t\n\t\t\t<\/div><\/p>\n","protected":false},"excerpt":{"rendered":"","protected":false},"author":2,"featured_media":25099844,"parent":0,"menu_order":0,"comment_status":"closed","ping_status":"closed","template":"","meta":{"content-type":"","_et_pb_use_builder":"on","_et_pb_old_content":"<!-- wp:divi\/placeholder \/-->","_et_gb_content_width":"","footnotes":""},"dipi_cpt_category":[],"class_list":["post-25096935","page","type-page","status-publish","has-post-thumbnail","hentry"],"yoast_head":"<!-- This site is optimized with the Yoast SEO plugin v27.5 - https:\/\/yoast.com\/product\/yoast-seo-wordpress\/ -->\n<title>Integrated Logistics - TRASCAR<\/title>\n<meta name=\"robots\" content=\"index, follow, max-snippet:-1, max-image-preview:large, max-video-preview:-1\" \/>\n<link rel=\"canonical\" href=\"https:\/\/staging.trascar.it\/en\/integrated-logistics\/\" \/>\n<meta property=\"og:locale\" content=\"en_US\" \/>\n<meta property=\"og:type\" content=\"article\" \/>\n<meta property=\"og:title\" content=\"Integrated Logistics - TRASCAR\" \/>\n<meta property=\"og:url\" content=\"https:\/\/staging.trascar.it\/en\/integrated-logistics\/\" \/>\n<meta property=\"og:site_name\" content=\"TRASCAR\" \/>\n<meta property=\"article:modified_time\" content=\"2026-04-23T10:53:20+00:00\" \/>\n<meta property=\"og:image\" content=\"https:\/\/staging.trascar.it\/wp-content\/uploads\/2025\/05\/1744662628610.jpg\" \/>\n\t<meta property=\"og:image:width\" content=\"2048\" \/>\n\t<meta property=\"og:image:height\" content=\"1362\" \/>\n\t<meta property=\"og:image:type\" content=\"image\/jpeg\" \/>\n<meta name=\"twitter:card\" content=\"summary_large_image\" \/>\n<meta name=\"twitter:label1\" content=\"Est. reading time\" \/>\n\t<meta name=\"twitter:data1\" content=\"2 minutes\" \/>\n<script type=\"application\/ld+json\" class=\"yoast-schema-graph\">{\"@context\":\"https:\\\/\\\/schema.org\",\"@graph\":[{\"@type\":\"WebPage\",\"@id\":\"https:\\\/\\\/staging.trascar.it\\\/en\\\/integrated-logistics\\\/\",\"url\":\"https:\\\/\\\/staging.trascar.it\\\/en\\\/integrated-logistics\\\/\",\"name\":\"Integrated Logistics - TRASCAR\",\"isPartOf\":{\"@id\":\"https:\\\/\\\/staging.trascar.it\\\/en\\\/#website\"},\"primaryImageOfPage\":{\"@id\":\"https:\\\/\\\/staging.trascar.it\\\/en\\\/integrated-logistics\\\/#primaryimage\"},\"image\":{\"@id\":\"https:\\\/\\\/staging.trascar.it\\\/en\\\/integrated-logistics\\\/#primaryimage\"},\"thumbnailUrl\":\"https:\\\/\\\/staging.trascar.it\\\/wp-content\\\/uploads\\\/2025\\\/05\\\/1744662628610.jpg\",\"datePublished\":\"2023-12-01T11:26:01+00:00\",\"dateModified\":\"2026-04-23T10:53:20+00:00\",\"breadcrumb\":{\"@id\":\"https:\\\/\\\/staging.trascar.it\\\/en\\\/integrated-logistics\\\/#breadcrumb\"},\"inLanguage\":\"en-US\",\"potentialAction\":[{\"@type\":\"ReadAction\",\"target\":[\"https:\\\/\\\/staging.trascar.it\\\/en\\\/integrated-logistics\\\/\"]}]},{\"@type\":\"ImageObject\",\"inLanguage\":\"en-US\",\"@id\":\"https:\\\/\\\/staging.trascar.it\\\/en\\\/integrated-logistics\\\/#primaryimage\",\"url\":\"https:\\\/\\\/staging.trascar.it\\\/wp-content\\\/uploads\\\/2025\\\/05\\\/1744662628610.jpg\",\"contentUrl\":\"https:\\\/\\\/staging.trascar.it\\\/wp-content\\\/uploads\\\/2025\\\/05\\\/1744662628610.jpg\",\"width\":2048,\"height\":1362,\"caption\":\"Wonderpick Perfect\"},{\"@type\":\"BreadcrumbList\",\"@id\":\"https:\\\/\\\/staging.trascar.it\\\/en\\\/integrated-logistics\\\/#breadcrumb\",\"itemListElement\":[{\"@type\":\"ListItem\",\"position\":1,\"name\":\"Home\",\"item\":\"https:\\\/\\\/staging.trascar.it\\\/en\\\/\"},{\"@type\":\"ListItem\",\"position\":2,\"name\":\"Integrated Logistics\"}]},{\"@type\":\"WebSite\",\"@id\":\"https:\\\/\\\/staging.trascar.it\\\/en\\\/#website\",\"url\":\"https:\\\/\\\/staging.trascar.it\\\/en\\\/\",\"name\":\"TRASCAR SRL\",\"description\":\"AUTOMATION \u2022 LOGISTIC\",\"publisher\":{\"@id\":\"https:\\\/\\\/staging.trascar.it\\\/en\\\/#organization\"},\"alternateName\":\"TRASCAR SRL\",\"potentialAction\":[{\"@type\":\"SearchAction\",\"target\":{\"@type\":\"EntryPoint\",\"urlTemplate\":\"https:\\\/\\\/staging.trascar.it\\\/en\\\/?s={search_term_string}\"},\"query-input\":{\"@type\":\"PropertyValueSpecification\",\"valueRequired\":true,\"valueName\":\"search_term_string\"}}],\"inLanguage\":\"en-US\"},{\"@type\":\"Organization\",\"@id\":\"https:\\\/\\\/staging.trascar.it\\\/en\\\/#organization\",\"name\":\"TRASCAR\",\"url\":\"https:\\\/\\\/staging.trascar.it\\\/en\\\/\",\"logo\":{\"@type\":\"ImageObject\",\"inLanguage\":\"en-US\",\"@id\":\"https:\\\/\\\/staging.trascar.it\\\/en\\\/#\\\/schema\\\/logo\\\/image\\\/\",\"url\":\"\",\"contentUrl\":\"\",\"caption\":\"TRASCAR\"},\"image\":{\"@id\":\"https:\\\/\\\/staging.trascar.it\\\/en\\\/#\\\/schema\\\/logo\\\/image\\\/\"}}]}<\/script>\n<!-- \/ Yoast SEO plugin. -->","yoast_head_json":{"title":"Integrated Logistics - TRASCAR","robots":{"index":"index","follow":"follow","max-snippet":"max-snippet:-1","max-image-preview":"max-image-preview:large","max-video-preview":"max-video-preview:-1"},"canonical":"https:\/\/staging.trascar.it\/en\/integrated-logistics\/","og_locale":"en_US","og_type":"article","og_title":"Integrated Logistics - TRASCAR","og_url":"https:\/\/staging.trascar.it\/en\/integrated-logistics\/","og_site_name":"TRASCAR","article_modified_time":"2026-04-23T10:53:20+00:00","og_image":[{"width":2048,"height":1362,"url":"https:\/\/staging.trascar.it\/wp-content\/uploads\/2025\/05\/1744662628610.jpg","type":"image\/jpeg"}],"twitter_card":"summary_large_image","twitter_misc":{"Est. reading time":"2 minutes"},"schema":{"@context":"https:\/\/schema.org","@graph":[{"@type":"WebPage","@id":"https:\/\/staging.trascar.it\/en\/integrated-logistics\/","url":"https:\/\/staging.trascar.it\/en\/integrated-logistics\/","name":"Integrated Logistics - TRASCAR","isPartOf":{"@id":"https:\/\/staging.trascar.it\/en\/#website"},"primaryImageOfPage":{"@id":"https:\/\/staging.trascar.it\/en\/integrated-logistics\/#primaryimage"},"image":{"@id":"https:\/\/staging.trascar.it\/en\/integrated-logistics\/#primaryimage"},"thumbnailUrl":"https:\/\/staging.trascar.it\/wp-content\/uploads\/2025\/05\/1744662628610.jpg","datePublished":"2023-12-01T11:26:01+00:00","dateModified":"2026-04-23T10:53:20+00:00","breadcrumb":{"@id":"https:\/\/staging.trascar.it\/en\/integrated-logistics\/#breadcrumb"},"inLanguage":"en-US","potentialAction":[{"@type":"ReadAction","target":["https:\/\/staging.trascar.it\/en\/integrated-logistics\/"]}]},{"@type":"ImageObject","inLanguage":"en-US","@id":"https:\/\/staging.trascar.it\/en\/integrated-logistics\/#primaryimage","url":"https:\/\/staging.trascar.it\/wp-content\/uploads\/2025\/05\/1744662628610.jpg","contentUrl":"https:\/\/staging.trascar.it\/wp-content\/uploads\/2025\/05\/1744662628610.jpg","width":2048,"height":1362,"caption":"Wonderpick Perfect"},{"@type":"BreadcrumbList","@id":"https:\/\/staging.trascar.it\/en\/integrated-logistics\/#breadcrumb","itemListElement":[{"@type":"ListItem","position":1,"name":"Home","item":"https:\/\/staging.trascar.it\/en\/"},{"@type":"ListItem","position":2,"name":"Integrated Logistics"}]},{"@type":"WebSite","@id":"https:\/\/staging.trascar.it\/en\/#website","url":"https:\/\/staging.trascar.it\/en\/","name":"TRASCAR SRL","description":"AUTOMATION \u2022 LOGISTIC","publisher":{"@id":"https:\/\/staging.trascar.it\/en\/#organization"},"alternateName":"TRASCAR SRL","potentialAction":[{"@type":"SearchAction","target":{"@type":"EntryPoint","urlTemplate":"https:\/\/staging.trascar.it\/en\/?s={search_term_string}"},"query-input":{"@type":"PropertyValueSpecification","valueRequired":true,"valueName":"search_term_string"}}],"inLanguage":"en-US"},{"@type":"Organization","@id":"https:\/\/staging.trascar.it\/en\/#organization","name":"TRASCAR","url":"https:\/\/staging.trascar.it\/en\/","logo":{"@type":"ImageObject","inLanguage":"en-US","@id":"https:\/\/staging.trascar.it\/en\/#\/schema\/logo\/image\/","url":"","contentUrl":"","caption":"TRASCAR"},"image":{"@id":"https:\/\/staging.trascar.it\/en\/#\/schema\/logo\/image\/"}}]}},"_links":{"self":[{"href":"https:\/\/staging.trascar.it\/en\/wp-json\/wp\/v2\/pages\/25096935","targetHints":{"allow":["GET"]}}],"collection":[{"href":"https:\/\/staging.trascar.it\/en\/wp-json\/wp\/v2\/pages"}],"about":[{"href":"https:\/\/staging.trascar.it\/en\/wp-json\/wp\/v2\/types\/page"}],"author":[{"embeddable":true,"href":"https:\/\/staging.trascar.it\/en\/wp-json\/wp\/v2\/users\/2"}],"replies":[{"embeddable":true,"href":"https:\/\/staging.trascar.it\/en\/wp-json\/wp\/v2\/comments?post=25096935"}],"version-history":[{"count":118,"href":"https:\/\/staging.trascar.it\/en\/wp-json\/wp\/v2\/pages\/25096935\/revisions"}],"predecessor-version":[{"id":25109792,"href":"https:\/\/staging.trascar.it\/en\/wp-json\/wp\/v2\/pages\/25096935\/revisions\/25109792"}],"wp:featuredmedia":[{"embeddable":true,"href":"https:\/\/staging.trascar.it\/en\/wp-json\/wp\/v2\/media\/25099844"}],"wp:attachment":[{"href":"https:\/\/staging.trascar.it\/en\/wp-json\/wp\/v2\/media?parent=25096935"}],"wp:term":[{"taxonomy":"dipi_cpt_category","embeddable":true,"href":"https:\/\/staging.trascar.it\/en\/wp-json\/wp\/v2\/dipi_cpt_category?post=25096935"}],"curies":[{"name":"wp","href":"https:\/\/api.w.org\/{rel}","templated":true}]}}